{"id":263,"date":"2024-05-16T17:30:57","date_gmt":"2024-05-16T14:30:57","guid":{"rendered":"https:\/\/abactiv.blackmars.ro\/?page_id=263"},"modified":"2024-05-16T19:28:28","modified_gmt":"2024-05-16T16:28:28","slug":"blog","status":"publish","type":"page","link":"https:\/\/www.abactiv.ro\/ro\/blog\/","title":{"rendered":"Blog"},"content":{"rendered":"\t\t<div data-elementor-type=\"wp-page\" data-elementor-id=\"263\" class=\"elementor elementor-263\" data-elementor-post-type=\"page\">\n\t\t\t\t\t\t<section class=\"elementor-section elementor-top-section elementor-element elementor-element-4c3827c elementor-section-boxed elementor-section-height-default elementor-section-height-default\" data-id=\"4c3827c\" data-element_type=\"section\" data-settings=\"{&quot;background_background&quot;:&quot;classic&quot;}\">\n\t\t\t\t\t\t\t<div class=\"elementor-background-overlay\"><\/div>\n\t\t\t\t\t\t\t<div class=\"elementor-container elementor-column-gap-default\">\n\t\t\t\t\t<div class=\"elementor-column elementor-col-100 elementor-top-column elementor-element elementor-element-c37edc6\" data-id=\"c37edc6\" data-element_type=\"column\">\n\t\t\t<div class=\"elementor-widget-wrap elementor-element-populated\">\n\t\t\t\t\t\t<div class=\"elementor-element elementor-element-d4db04b elementor-widget elementor-widget-heading\" data-id=\"d4db04b\" data-element_type=\"widget\" data-widget_type=\"heading.default\">\n\t\t\t\t<div class=\"elementor-widget-container\">\n\t\t\t\t\t<h1 class=\"elementor-heading-title elementor-size-default\">Blog<\/h1>\t\t\t\t<\/div>\n\t\t\t\t<\/div>\n\t\t\t\t\t<\/div>\n\t\t<\/div>\n\t\t\t\t\t<\/div>\n\t\t<\/section>\n\t\t\t\t<section class=\"elementor-section elementor-top-section elementor-element elementor-element-bdafff2 elementor-section-boxed elementor-section-height-default elementor-section-height-default\" data-id=\"bdafff2\" data-element_type=\"section\">\n\t\t\t\t\t\t<div class=\"elementor-container elementor-column-gap-default\">\n\t\t\t\t\t<div class=\"elementor-column elementor-col-100 elementor-top-column elementor-element elementor-element-8329978\" data-id=\"8329978\" data-element_type=\"column\">\n\t\t\t<div class=\"elementor-widget-wrap elementor-element-populated\">\n\t\t\t\t\t\t<div class=\"elementor-element elementor-element-561c70c elementor-grid-3 elementor-grid-tablet-2 elementor-grid-mobile-1 elementor-posts--thumbnail-top elementor-card-shadow-yes elementor-posts__hover-gradient elementor-widget elementor-widget-posts\" data-id=\"561c70c\" data-element_type=\"widget\" data-settings=\"{&quot;cards_columns&quot;:&quot;3&quot;,&quot;cards_columns_tablet&quot;:&quot;2&quot;,&quot;cards_columns_mobile&quot;:&quot;1&quot;,&quot;cards_row_gap&quot;:{&quot;unit&quot;:&quot;px&quot;,&quot;size&quot;:35,&quot;sizes&quot;:[]},&quot;cards_row_gap_tablet&quot;:{&quot;unit&quot;:&quot;px&quot;,&quot;size&quot;:&quot;&quot;,&quot;sizes&quot;:[]},&quot;cards_row_gap_mobile&quot;:{&quot;unit&quot;:&quot;px&quot;,&quot;size&quot;:&quot;&quot;,&quot;sizes&quot;:[]}}\" data-widget_type=\"posts.cards\">\n\t\t\t\t<div class=\"elementor-widget-container\">\n\t\t\t\t\t\t\t<div class=\"elementor-posts-container elementor-posts elementor-posts--skin-cards elementor-grid\">\n\t\t\t\t<article class=\"elementor-post elementor-grid-item post-400 post type-post status-publish format-standard has-post-thumbnail hentry category-blog\">\n\t\t\t<div class=\"elementor-post__card\">\n\t\t\t\t<a class=\"elementor-post__thumbnail__link\" href=\"https:\/\/www.abactiv.ro\/ro\/25-de-ani-de-activitate-abactiv-lider-in-solutii-de-arhivare-si-gestionare-a-documentelor\/\" tabindex=\"-1\" ><div class=\"elementor-post__thumbnail\"><img fetchpriority=\"high\" decoding=\"async\" width=\"2560\" height=\"1708\" src=\"https:\/\/www.abactiv.ro\/wp-content\/uploads\/2024\/05\/adi-goldstein-Hli3R6LKibo-unsplash-scaled.webp\" class=\"attachment-full size-full wp-image-401\" alt=\"\" srcset=\"https:\/\/www.abactiv.ro\/wp-content\/uploads\/2024\/05\/adi-goldstein-Hli3R6LKibo-unsplash-scaled.webp 2560w, https:\/\/www.abactiv.ro\/wp-content\/uploads\/2024\/05\/adi-goldstein-Hli3R6LKibo-unsplash-300x200.webp 300w, https:\/\/www.abactiv.ro\/wp-content\/uploads\/2024\/05\/adi-goldstein-Hli3R6LKibo-unsplash-1024x683.webp 1024w, https:\/\/www.abactiv.ro\/wp-content\/uploads\/2024\/05\/adi-goldstein-Hli3R6LKibo-unsplash-768x512.webp 768w, https:\/\/www.abactiv.ro\/wp-content\/uploads\/2024\/05\/adi-goldstein-Hli3R6LKibo-unsplash-1536x1025.webp 1536w, https:\/\/www.abactiv.ro\/wp-content\/uploads\/2024\/05\/adi-goldstein-Hli3R6LKibo-unsplash-2048x1366.webp 2048w\" sizes=\"(max-width: 2560px) 100vw, 2560px\" \/><\/div><\/a>\n\t\t\t\t<div class=\"elementor-post__badge\">Blog<\/div>\n\t\t\t\t<div class=\"elementor-post__text\">\n\t\t\t\t<h3 class=\"elementor-post__title\">\n\t\t\t<a href=\"https:\/\/www.abactiv.ro\/ro\/25-de-ani-de-activitate-abactiv-lider-in-solutii-de-arhivare-si-gestionare-a-documentelor\/\" >\n\t\t\t\t25 de Ani de Activitate: ABactiv &#8211; Lider \u00een Solu\u021bii de Arhivare \u0219i Gestionare a Documentelor\t\t\t<\/a>\n\t\t<\/h3>\n\t\t\t\t<div class=\"elementor-post__excerpt\">\n\t\t\t<p>AB Activ Distribution S.R.L., o companie de top \u00een domeniul arhiv\u0103rii \u0219i gestion\u0103rii documentelor, s\u0103rb\u0103tore\u0219te 25 de ani de activitate. Fondat\u0103 cu scopul de a<\/p>\n\t\t<\/div>\n\t\t\n\t\t<a class=\"elementor-post__read-more\" href=\"https:\/\/www.abactiv.ro\/ro\/25-de-ani-de-activitate-abactiv-lider-in-solutii-de-arhivare-si-gestionare-a-documentelor\/\" aria-label=\"Read more about 25 de Ani de Activitate: ABactiv &#8211; Lider \u00een Solu\u021bii de Arhivare \u0219i Gestionare a Documentelor\" tabindex=\"-1\" >\n\t\t\tCite\u0219te articolul \u00bb\t\t<\/a>\n\n\t\t\t\t<\/div>\n\t\t\t\t\t<\/div>\n\t\t<\/article>\n\t\t\t\t<article class=\"elementor-post elementor-grid-item post-256 post type-post status-publish format-standard has-post-thumbnail hentry category-arhivarea-documentelor category-blog\">\n\t\t\t<div class=\"elementor-post__card\">\n\t\t\t\t<a class=\"elementor-post__thumbnail__link\" href=\"https:\/\/www.abactiv.ro\/ro\/ce-este-arhivarea-documentelor-si-de-ce-este-importanta\/\" tabindex=\"-1\" ><div class=\"elementor-post__thumbnail\"><img decoding=\"async\" width=\"1536\" height=\"811\" src=\"https:\/\/www.abactiv.ro\/wp-content\/uploads\/2024\/05\/arhivare-documente-ab-1536x811-1.webp\" class=\"attachment-full size-full wp-image-257\" alt=\"\" srcset=\"https:\/\/www.abactiv.ro\/wp-content\/uploads\/2024\/05\/arhivare-documente-ab-1536x811-1.webp 1536w, https:\/\/www.abactiv.ro\/wp-content\/uploads\/2024\/05\/arhivare-documente-ab-1536x811-1-300x158.webp 300w, https:\/\/www.abactiv.ro\/wp-content\/uploads\/2024\/05\/arhivare-documente-ab-1536x811-1-1024x541.webp 1024w, https:\/\/www.abactiv.ro\/wp-content\/uploads\/2024\/05\/arhivare-documente-ab-1536x811-1-768x406.webp 768w\" sizes=\"(max-width: 1536px) 100vw, 1536px\" \/><\/div><\/a>\n\t\t\t\t<div class=\"elementor-post__badge\">Arhivarea documentelor<\/div>\n\t\t\t\t<div class=\"elementor-post__text\">\n\t\t\t\t<h3 class=\"elementor-post__title\">\n\t\t\t<a href=\"https:\/\/www.abactiv.ro\/ro\/ce-este-arhivarea-documentelor-si-de-ce-este-importanta\/\" >\n\t\t\t\tCe este arhivarea documentelor \u0219i de ce este important\u0103?\t\t\t<\/a>\n\t\t<\/h3>\n\t\t\t\t<div class=\"elementor-post__excerpt\">\n\t\t\t<p>Arhivarea documentelor reprezint\u0103 stocarea \u00een siguran\u021b\u0103 a informa\u021biilor (at\u00e2t \u00een \u200b\u200bformat electronic, c\u00e2t \u0219i pe h\u00e2rtie) care nu mai sunt utilizate \u00een mod regulat. Prin arhivare, se respect\u0103 normele legale at\u00e2t din punct de vedere al sus\u021binerii \u0219i justific\u0103rii activit\u0103\u021bii, c\u00e2t \u0219i al dosarelor de personal.<\/p>\n\t\t<\/div>\n\t\t\n\t\t<a class=\"elementor-post__read-more\" href=\"https:\/\/www.abactiv.ro\/ro\/ce-este-arhivarea-documentelor-si-de-ce-este-importanta\/\" aria-label=\"Read more about Ce este arhivarea documentelor \u0219i de ce este important\u0103?\" tabindex=\"-1\" >\n\t\t\tCite\u0219te articolul \u00bb\t\t<\/a>\n\n\t\t\t\t<\/div>\n\t\t\t\t\t<\/div>\n\t\t<\/article>\n\t\t\t\t<\/div>\n\t\t\n\t\t\t\t\t\t<\/div>\n\t\t\t\t<\/div>\n\t\t\t\t\t<\/div>\n\t\t<\/div>\n\t\t\t\t\t<\/div>\n\t\t<\/section>\n\t\t\t\t<\/div>\n\t\t","protected":false},"excerpt":{"rendered":"<p>Blog<\/p>\n","protected":false},"author":1,"featured_media":0,"parent":0,"menu_order":0,"comment_status":"closed","ping_status":"closed","template":"","meta":{"footnotes":""},"class_list":["post-263","page","type-page","status-publish","hentry"],"_links":{"self":[{"href":"https:\/\/www.abactiv.ro\/ro\/wp-json\/wp\/v2\/pages\/263","targetHints":{"allow":["GET"]}}],"collection":[{"href":"https:\/\/www.abactiv.ro\/ro\/wp-json\/wp\/v2\/pages"}],"about":[{"href":"https:\/\/www.abactiv.ro\/ro\/wp-json\/wp\/v2\/types\/page"}],"author":[{"embeddable":true,"href":"https:\/\/www.abactiv.ro\/ro\/wp-json\/wp\/v2\/users\/1"}],"replies":[{"embeddable":true,"href":"https:\/\/www.abactiv.ro\/ro\/wp-json\/wp\/v2\/comments?post=263"}],"version-history":[{"count":13,"href":"https:\/\/www.abactiv.ro\/ro\/wp-json\/wp\/v2\/pages\/263\/revisions"}],"predecessor-version":[{"id":331,"href":"https:\/\/www.abactiv.ro\/ro\/wp-json\/wp\/v2\/pages\/263\/revisions\/331"}],"wp:attachment":[{"href":"https:\/\/www.abactiv.ro\/ro\/wp-json\/wp\/v2\/media?parent=263"}],"curies":[{"name":"wp","href":"https:\/\/api.w.org\/{rel}","templated":true}]}}